{"id":453,"date":"2023-07-08T08:11:39","date_gmt":"2023-07-08T06:11:39","guid":{"rendered":"https:\/\/etanollab.rs\/ads\/"},"modified":"2023-07-15T09:55:41","modified_gmt":"2023-07-15T07:55:41","slug":"ads","status":"publish","type":"page","link":"https:\/\/etanollab.rs\/en\/ads\/","title":{"rendered":"ADS"},"content":{"rendered":"\t\t<div data-elementor-type=\"wp-page\" data-elementor-id=\"453\" class=\"elementor elementor-453\" data-elementor-post-type=\"page\">\n\t\t\t\t\t\t<section class=\"elementor-section elementor-top-section elementor-element elementor-element-83e8940 elementor-section-boxed elementor-section-height-default elementor-section-height-default\" data-id=\"83e8940\" data-element_type=\"section\" data-e-type=\"section\">\n\t\t\t\t\t\t<div class=\"elementor-container elementor-column-gap-default\">\n\t\t\t\t\t<div class=\"elementor-column elementor-col-100 elementor-top-column elementor-element elementor-element-212a967\" data-id=\"212a967\" data-element_type=\"column\" data-e-type=\"column\">\n\t\t\t<div class=\"elementor-widget-wrap elementor-element-populated\">\n\t\t\t\t\t\t<div class=\"elementor-element elementor-element-e2e367e elementor-align-left elementor-widget elementor-widget-button\" data-id=\"e2e367e\" data-element_type=\"widget\" data-e-type=\"widget\" data-widget_type=\"button.default\">\n\t\t\t\t<div class=\"elementor-widget-container\">\n\t\t\t\t\t\t\t\t\t<div class=\"elementor-button-wrapper\">\n\t\t\t\t\t<a class=\"elementor-button elementor-button-link elementor-size-sm\" href=\"#\">\n\t\t\t\t\t\t<span class=\"elementor-button-content-wrapper\">\n\t\t\t\t\t\t\t\t\t<span class=\"elementor-button-text\">INACTIVE<\/span>\n\t\t\t\t\t<\/span>\n\t\t\t\t\t<\/a>\n\t\t\t\t<\/div>\n\t\t\t\t\t\t\t\t<\/div>\n\t\t\t\t<\/div>\n\t\t\t\t<div class=\"elementor-element elementor-element-6d00fc5 elementor-widget elementor-widget-text-editor\" data-id=\"6d00fc5\" data-element_type=\"widget\" data-e-type=\"widget\" data-widget_type=\"text-editor.default\">\n\t\t\t\t<div class=\"elementor-widget-container\">\n\t\t\t\t\t\t\t\t\t<div class=\"vc_row wpb_row vc_row-fluid\">\n<div class=\"wpb_column vc_column_container vc_col-sm-12\">\n<div class=\"wpb_wrapper\">\n<div class=\"wpb_text_column wpb_content_element \">\n<div class=\"wpb_wrapper\">\n<p style=\"text-align: center;\">Preduze\u0107e \u201cEtanol Lab\u201d doo \u0160abac, objavljuje<\/p>\n<p style=\"text-align: center;\"><strong>POZIV<\/strong><\/p>\n<p style=\"text-align: center;\"><strong>Za dostavljanje ponuda za nabavku: DECANTER CENTRIFUGA<\/strong> (za upotrebu u destileriji etil alkohola za dekantiranje standardne kukuruzne d\u017eibre)<\/p>\n<p style=\"text-align: center;\"><strong>Rok za podno\u0161enje ponuda je:<\/strong> 17.03.2023. do 12:00h<br \/><strong>Ponude se dostavljaju li\u010dno ili preporu\u010denom po\u0161iljkom na adresu:<\/strong><br \/>Preduze\u0107e \u201cEtanol Lab\u201d doo \u0160abac, 15000 \u0160abac, Mi\u0161ar, Obrenova\u010dki put BB<\/p>\n<p style=\"text-align: center;\"><strong>Sa obaveznom naznakom:<\/strong> NE otvarati, ponuda po pozivu za nabavku broj 01\/2023<\/p>\n<p style=\"text-align: center;\">Svi zainteresovani ponu\u0111a\u010di mogu preuzeti konkursnu dokumentaciju na navedenoj adresi, svakim radnim danom od 8 do 16 \u010dasova, ili zatra\u017eiti dostavljanje dokumentacije po\u0161tom ili e-mailom office@etanollab.rs, broj telefona 015\/381-334.<\/p>\n<\/div>\n<\/div>\n<\/div>\n<\/div>\n<\/div>\n<div class=\"vc_row wpb_row vc_row-fluid vc_custom_1677743746766\">\n<div class=\"wpb_column vc_column_container vc_col-sm-6\" style=\"text-align: center;\">\n<div class=\"wpb_wrapper\">\n<div class=\"wpb_text_column wpb_content_element \">\n<div class=\"wpb_wrapper\">\n<p><strong><span style=\"color: #ff0000;\"><a style=\"color: #ff0000;\" href=\"https:\/\/media.etanollab.rs\/2023\/03\/Obrazac-1-Poziv-za-podnosenje-ponuda-u-postupku-nabavke-velike-vrednosti.docx\" target=\"_blank\" rel=\"noopener\">Obrazac 1 \u2013 Poziv za podnosenje ponuda u postupku nabavke velike vrednosti<\/a><\/span><\/strong><\/p>\n<\/div>\n<\/div>\n<\/div>\n<\/div>\n<div class=\"wpb_column vc_column_container vc_col-sm-6\">\n<div class=\"wpb_wrapper\">\n<div class=\"wpb_text_column wpb_content_element \">\n<div class=\"wpb_wrapper\">\n<p style=\"text-align: center;\"><strong><span style=\"color: #ff0000;\"><a style=\"color: #ff0000;\" href=\"https:\/\/media.etanollab.rs\/2023\/03\/Obrazac-2-Ponuda-za-nabavku-velike-vrednosti.docx\" target=\"_blank\" rel=\"noopener\">Obrazac 2 \u2013 Ponuda za nabavku velike vrednosti<\/a><\/span><\/strong><\/p>\n<\/div>\n<\/div>\n<\/div>\n<\/div>\n<\/div>\n\t\t\t\t\t\t\t\t<\/div>\n\t\t\t\t<\/div>\n\t\t\t\t\t<\/div>\n\t\t<\/div>\n\t\t\t\t\t<\/div>\n\t\t<\/section>\n\t\t\t\t<\/div>\n\t\t","protected":false},"excerpt":{"rendered":"<p>INACTIVE Preduze\u0107e \u201cEtanol Lab\u201d doo \u0160abac, objavljuje POZIV Za dostavljanje ponuda za nabavku: DECANTER CENTRIFUGA (za upotrebu u destileriji etil alkohola za dekantiranje standardne kukuruzne d\u017eibre) Rok za podno\u0161enje ponuda je: 17.03.2023. do 12:00hPonude se dostavljaju li\u010dno ili preporu\u010denom po\u0161iljkom na adresu:Preduze\u0107e \u201cEtanol Lab\u201d doo \u0160abac, 15000 \u0160abac, Mi\u0161ar, Obrenova\u010dki put BB Sa obaveznom naznakom: [&hellip;]<\/p>\n","protected":false},"author":1,"featured_media":0,"parent":0,"menu_order":0,"comment_status":"closed","ping_status":"closed","template":"elementor_header_footer","meta":{"footnotes":""},"class_list":["post-453","page","type-page","status-publish","hentry"],"_links":{"self":[{"href":"https:\/\/etanollab.rs\/en\/wp-json\/wp\/v2\/pages\/453","targetHints":{"allow":["GET"]}}],"collection":[{"href":"https:\/\/etanollab.rs\/en\/wp-json\/wp\/v2\/pages"}],"about":[{"href":"https:\/\/etanollab.rs\/en\/wp-json\/wp\/v2\/types\/page"}],"author":[{"embeddable":true,"href":"https:\/\/etanollab.rs\/en\/wp-json\/wp\/v2\/users\/1"}],"replies":[{"embeddable":true,"href":"https:\/\/etanollab.rs\/en\/wp-json\/wp\/v2\/comments?post=453"}],"version-history":[{"count":1,"href":"https:\/\/etanollab.rs\/en\/wp-json\/wp\/v2\/pages\/453\/revisions"}],"predecessor-version":[{"id":454,"href":"https:\/\/etanollab.rs\/en\/wp-json\/wp\/v2\/pages\/453\/revisions\/454"}],"wp:attachment":[{"href":"https:\/\/etanollab.rs\/en\/wp-json\/wp\/v2\/media?parent=453"}],"curies":[{"name":"wp","href":"https:\/\/api.w.org\/{rel}","templated":true}]}}